{"id":119,"date":"2015-02-22T09:44:05","date_gmt":"2015-02-22T09:44:05","guid":{"rendered":"http:\/\/demo.qkthemes.com\/housebuild\/?page_id=119"},"modified":"2024-04-23T13:57:53","modified_gmt":"2024-04-23T11:57:53","slug":"index","status":"publish","type":"page","link":"https:\/\/gttravaux.com\/","title":{"rendered":"Bienvenue"},"content":{"rendered":"<p>[vc_row el_id=\u00a0\u00bbhome-section\u00a0\u00bb fullwidth=\u00a0\u00bbyes\u00a0\u00bb el_class=\u00a0\u00bbslider2&Prime;][vc_column][qk_flexslider][qk_slide image=\u00a0\u00bb540&Prime;]<\/p>\n<h1>Pour tous vos travaux&#8230;<\/h1>\n<p>Un projet ?\u00a0 Nous avons les artisans, rencontrons-nous ![\/qk_slide][qk_slide image=\u00a0\u00bb529&Prime;]<\/p>\n<h1>Agrandissement&#8230;<\/h1>\n<p>Etude et chiffrage gratuits avec un seul interlocuteur de confiance ![\/qk_slide][qk_slide image=\u00a0\u00bb528&Prime;]<\/p>\n<h1>R\u00e9novations&#8230;<\/h1>\n<p>Avec notre s\u00e9lection d&rsquo;artisans et d&rsquo;entreprises locales, vous avez une garantie de qualit\u00e9 et de r\u00e9activit\u00e9 pour vos travaux ![\/qk_slide][\/qk_flexslider][\/vc_column][\/vc_row][vc_row el_class=\u00a0\u00bbpresentation-section\u00a0\u00bb][vc_column][vc_cta h2=\u00a0\u00bbEN QUELQUES CHIFFRES &#8230;\u00a0\u00bb h2_font_container=\u00a0\u00bbfont_size:16px|color:%23222222&Prime; h2_google_fonts=\u00a0\u00bbfont_family:Montserrat%3Aregular%2C700|font_style:700%20bold%20regular%3A700%3Anormal\u00a0\u00bb style=\u00a0\u00bbflat\u00a0\u00bb css_animation=\u00a0\u00bbnone\u00a0\u00bb use_custom_fonts_h2=\u00a0\u00bbtrue\u00a0\u00bb css=\u00a0\u00bb.vc_custom_1709281449686{margin-top: 50px !important;}\u00a0\u00bb]A ce jour, nous avons <strong>222 projets<\/strong> valid\u00e9s, soit 210<strong>\u00a0clients<\/strong> qui nous ont fait confiance avec toujours plus de demandes de chiffrage mois apr\u00e8s mois. Plus de <strong>40 entreprises<\/strong> partenaires font la force de notre r\u00e9seau et participent quotidiennement \u00e0 mener \u00e0 bien <strong>vos projets<\/strong>.<\/p>\n<figure id=\"attachment_1035\" aria-describedby=\"caption-attachment-1035\" style=\"width: 1000px\" class=\"wp-caption aligncenter\"><img loading=\"lazy\" decoding=\"async\" class=\"img_projet wp-image-1035 size-full\" title=\"De plus ne plus de clients nous font confiance !\" src=\"https:\/\/gttravaux.com\/wp-content\/uploads\/2024\/03\/badges_010324.jpg\" alt=\"Compteur de projet\" width=\"1000\" height=\"165\" srcset=\"https:\/\/gttravaux.com\/wp-content\/uploads\/2024\/03\/badges_010324.jpg 1000w, https:\/\/gttravaux.com\/wp-content\/uploads\/2024\/03\/badges_010324-768x126.jpg 768w\" sizes=\"(max-width: 1000px) 100vw, 1000px\" \/><figcaption id=\"caption-attachment-1035\" class=\"wp-caption-text\">De plus en plus de clients nous font confiance !<\/figcaption><\/figure>\n<p>[\/vc_cta][vc_row_inner el_class=\u00a0\u00bbpresentation-line\u00a0\u00bb css=\u00a0\u00bb.vc_custom_1527575133419{padding-top: 30px !important;}\u00a0\u00bb][vc_column_inner width=\u00a0\u00bb1\/2&Prime; css=\u00a0\u00bb.vc_custom_1516348112859{margin-top: 40px !important;}\u00a0\u00bb offset=\u00a0\u00bbvc_hidden-sm vc_hidden-xs\u00a0\u00bb][vc_single_image image=\u00a0\u00bb123&Prime; img_size=\u00a0\u00bbfull\u00a0\u00bb][\/vc_column_inner][vc_column_inner width=\u00a0\u00bb1\/2&Prime;][vc_column_text]<\/p>\n<h2>Notre but:<\/h2>\n<p class=\"font_8\"><span class=\"color_15\">Vous avez un projet de travaux, vous souhaitez r\u00e9nover votre habitation, vous allez acheter un bien avec des travaux, vous pr\u00e9voyez d\u2019agrandir votre maison, vous r\u00eavez d\u2019une nouvelle cuisine ou salle de bain\u2026.<\/span><span class=\"wixGuard\">\u200b Nous sommes l\u00e0<\/span> pour vous accompagner dans votre projet !<\/p>\n<p class=\"font_8\"><em><strong>GT Travaux<\/strong><\/em> est n\u00e9 de l\u2019association d\u2019une multitude de comp\u00e9tences, d\u2019exp\u00e9riences et de rencontres.<\/p>\n<p class=\"font_8\">Je travaille dans le bassin r\u00e9mois depuis plus de 15 ans. Apr\u00e8s plusieurs ann\u00e9es \u00e0 des postes de management dans le commerce, j\u2019ai occup\u00e9 des postes de conseiller en banque, j\u2019ai \u00e9t\u00e9 amen\u00e9 \u00e0 suivre des particuliers, \u00e0 financer des achats immobiliers, des projets de travaux\u00a0; et j\u2019ai \u00e9galement pu suivre des professionnels, pour la plupart artisans dans le b\u00e2timent.<\/p>\n<p class=\"font_8\">A titre personnel, j\u2019ai r\u00e9nov\u00e9 plusieurs biens immobiliers avec l\u2019aide d\u2019entreprises du secteur. J\u2019ai \u00e9galement \u00e9t\u00e9 salari\u00e9 \u00e0 une fonction similaire.<\/p>\n<p class=\"font_8\">Ce qui nous am\u00e8ne aujourd\u2019hui \u00e0 nous <a href=\"http:\/\/gttravaux.com\/index.php\/contact\/\">rencontrer<\/a>.<\/p>\n<p class=\"font_8\"><em><strong>GT Travaux<\/strong><\/em> a donc pour objectif de pr\u00e9parer et chiffrer votre projet avec vous et\u00a0vous mettre en relation avec des artisans locaux, fiables et professionnels pour la r\u00e9alisation de vos travaux.<\/p>\n<p>[\/vc_column_text][\/vc_column_inner][\/vc_row_inner][vc_row_inner el_class=\u00a0\u00bbpresentation-line\u00a0\u00bb][vc_column_inner width=\u00a0\u00bb1\/2&Prime;][vc_column_text]<\/p>\n<h2>Vos avantages:<\/h2>\n<ul class=\"list_perso\">\n<li class=\"font_8\">Un seul interlocuteur pour une \u00e9tude personnalis\u00e9e de votre projet, des rendez-vous sur place pour d\u00e9couvrir vos besoins et \u00e9changer.<\/li>\n<li class=\"font_8\"><span class=\"wixGuard\">\u200b<\/span>Des entreprises locales de qualit\u00e9, sp\u00e9cialis\u00e9es dans leur domaine respectif, fiables, passionn\u00e9es et professionnelles.<span class=\"wixGuard\"><span class=\"wixGuard\">\u200b<\/span><\/span><\/li>\n<li class=\"font_8\">De la r\u00e9activit\u00e9 gr\u00e2ce \u00e0 un rendez-vous rapide avec GT Travaux pour la\u00a0d\u00e9couverte et l&rsquo;\u00e9tude de votre projet, une visite technique avec les artisans planifi\u00e9e sous 8 jours, et une pr\u00e9sentation de devis de nouveau sous 8 jours.<\/li>\n<li class=\"font_8\">De la s\u00e9curit\u00e9 car l\u2019ensemble de la pr\u00e9paration et du chiffrage de votre projet est gratuit, apr\u00e8s validation des devis pr\u00e9sent\u00e9s avec les assurances responsabilit\u00e9 civile professionnelle et d\u00e9cennales, votre acompte n\u2019est encaiss\u00e9 que la semaine pr\u00e9c\u00e8dant les travaux.<\/li>\n<li class=\"font_8\">Les entreprises dont la fiabilit\u00e9 et la situation financi\u00e8re ont \u00e9t\u00e9 contr\u00f4l\u00e9es et qui s\u2019engagent sur les dates de l\u2019intervention.<\/li>\n<li class=\"font_8\">Possibilit\u00e9 de faire suivre les travaux par un ma\u00eetre d\u2019\u0153uvre.<\/li>\n<\/ul>\n<p>&nbsp;<\/p>\n<blockquote>\n<h3 class=\"font_8\">Bref, d\u00e9tendez-vous, vous allez pouvoir aborder votre projet avec tranquillit\u00e9\u00a0!<\/h3>\n<\/blockquote>\n<p>[\/vc_column_text][\/vc_column_inner][vc_column_inner width=\u00a0\u00bb1\/2&Prime; css=\u00a0\u00bb.vc_custom_1516324864080{margin-top: 35px !important;}\u00a0\u00bb][vc_single_image image=\u00a0\u00bb1007&Prime; img_size=\u00a0\u00bbfull\u00a0\u00bb css=\u00a0\u00bb.vc_custom_1604002553084{margin-top: 40px !important;margin-left: 40px !important;}\u00a0\u00bb][\/vc_column_inner][\/vc_row_inner][\/vc_column][\/vc_row]<\/p>\n","protected":false},"excerpt":{"rendered":"<p>[vc_row el_id=\u00a0\u00bbhome-section\u00a0\u00bb fullwidth=\u00a0\u00bbyes\u00a0\u00bb el_class=\u00a0\u00bbslider2&Prime;][vc_column][qk_flexslider][qk_slide image=\u00a0\u00bb540&Prime;] Pour tous vos travaux&#8230; Un projet ?\u00a0 Nous avons les artisans, rencontrons-nous ![\/qk_slide][qk_slide image=\u00a0\u00bb529&Prime;] Agrandissement&#8230; Etude et chiffrage gratuits avec un seul interlocuteur de confiance ![\/qk_slide][qk_slide image=\u00a0\u00bb528&Prime;] R\u00e9novations&#8230; Avec notre s\u00e9lection d&rsquo;artisans et d&rsquo;entreprises locales, vous avez une garantie de qualit\u00e9 et de r\u00e9activit\u00e9 pour vos travaux ![\/qk_slide][\/qk_flexslider][\/vc_column][\/vc_row][vc_row el_class=\u00a0\u00bbpresentation-section\u00a0\u00bb][vc_column][vc_cta h2=\u00a0\u00bbEN [&hellip;]<\/p>\n","protected":false},"author":1,"featured_media":0,"parent":0,"menu_order":0,"comment_status":"closed","ping_status":"open","template":"template-home.php","meta":{"footnotes":""},"yoast_head":"<!-- This site is optimized with the Yoast SEO plugin v24.5 - https:\/\/yoast.com\/wordpress\/plugins\/seo\/ -->\n<title>Bienvenue &#8226; GT TRAVAUX<\/title>\n<meta name=\"description\" content=\"Vous avez un projet de travaux, vous souhaitez r\u00e9nover votre habitation, vous allez acheter un bien avec des travaux, vous pr\u00e9voyez d\u2019agrandir votre maison\u2026.\u200b Nous sommes l\u00e0 pour vous accompagner dans votre projet ! c&#039;est simple, un seul interlocuteur pour toute une \u00e9quipe d&#039;expert !\" \/>\n<meta name=\"robots\" content=\"index, follow, max-snippet:-1, max-image-preview:large, max-video-preview:-1\" \/>\n<link rel=\"canonical\" href=\"https:\/\/gttravaux.com\/\" \/>\n<meta property=\"og:locale\" content=\"fr_FR\" \/>\n<meta property=\"og:type\" content=\"article\" \/>\n<meta property=\"og:title\" content=\"Bienvenue &#8226; GT TRAVAUX\" \/>\n<meta property=\"og:description\" content=\"Vous avez un projet de travaux, vous souhaitez r\u00e9nover votre habitation, vous allez acheter un bien avec des travaux, vous pr\u00e9voyez d\u2019agrandir votre maison\u2026.\u200b Nous sommes l\u00e0 pour vous accompagner dans votre projet ! c&#039;est simple, un seul interlocuteur pour toute une \u00e9quipe d&#039;expert !\" \/>\n<meta property=\"og:url\" content=\"https:\/\/gttravaux.com\/\" \/>\n<meta property=\"og:site_name\" content=\"GT TRAVAUX\" \/>\n<meta property=\"article:publisher\" content=\"https:\/\/fr-fr.facebook.com\/people\/Guillaume-Thomas\/100013420893482\" \/>\n<meta property=\"article:modified_time\" content=\"2024-04-23T11:57:53+00:00\" \/>\n<meta property=\"og:image\" content=\"https:\/\/gttravaux.com\/wp-content\/uploads\/2024\/03\/badges_010324.jpg\" \/>\n<meta name=\"twitter:card\" content=\"summary_large_image\" \/>\n<meta name=\"twitter:label1\" content=\"Dur\u00e9e de lecture estim\u00e9e\" \/>\n\t<meta name=\"twitter:data1\" content=\"3 minutes\" \/>\n<script type=\"application\/ld+json\" class=\"yoast-schema-graph\">{\"@context\":\"https:\/\/schema.org\",\"@graph\":[{\"@type\":\"WebPage\",\"@id\":\"https:\/\/gttravaux.com\/\",\"url\":\"https:\/\/gttravaux.com\/\",\"name\":\"Bienvenue &#8226; GT TRAVAUX\",\"isPartOf\":{\"@id\":\"https:\/\/gttravaux.com\/#website\"},\"primaryImageOfPage\":{\"@id\":\"https:\/\/gttravaux.com\/#primaryimage\"},\"image\":{\"@id\":\"https:\/\/gttravaux.com\/#primaryimage\"},\"thumbnailUrl\":\"https:\/\/gttravaux.com\/wp-content\/uploads\/2024\/03\/badges_010324.jpg\",\"datePublished\":\"2015-02-22T09:44:05+00:00\",\"dateModified\":\"2024-04-23T11:57:53+00:00\",\"description\":\"Vous avez un projet de travaux, vous souhaitez r\u00e9nover votre habitation, vous allez acheter un bien avec des travaux, vous pr\u00e9voyez d\u2019agrandir votre maison\u2026.\u200b Nous sommes l\u00e0 pour vous accompagner dans votre projet ! c'est simple, un seul interlocuteur pour toute une \u00e9quipe d'expert !\",\"breadcrumb\":{\"@id\":\"https:\/\/gttravaux.com\/#breadcrumb\"},\"inLanguage\":\"fr-FR\",\"potentialAction\":[{\"@type\":\"ReadAction\",\"target\":[\"https:\/\/gttravaux.com\/\"]}]},{\"@type\":\"ImageObject\",\"inLanguage\":\"fr-FR\",\"@id\":\"https:\/\/gttravaux.com\/#primaryimage\",\"url\":\"https:\/\/gttravaux.com\/wp-content\/uploads\/2024\/03\/badges_010324.jpg\",\"contentUrl\":\"https:\/\/gttravaux.com\/wp-content\/uploads\/2024\/03\/badges_010324.jpg\",\"width\":1000,\"height\":165},{\"@type\":\"BreadcrumbList\",\"@id\":\"https:\/\/gttravaux.com\/#breadcrumb\",\"itemListElement\":[{\"@type\":\"ListItem\",\"position\":1,\"name\":\"Accueil\",\"item\":\"https:\/\/gttravaux.com\/\"},{\"@type\":\"ListItem\",\"position\":2,\"name\":\"Bienvenue\"}]},{\"@type\":\"WebSite\",\"@id\":\"https:\/\/gttravaux.com\/#website\",\"url\":\"https:\/\/gttravaux.com\/\",\"name\":\"GT TRAVAUX\",\"description\":\"Pour tous vos travaux, r\u00e9novations, agrandissements ...\",\"potentialAction\":[{\"@type\":\"SearchAction\",\"target\":{\"@type\":\"EntryPoint\",\"urlTemplate\":\"https:\/\/gttravaux.com\/?s={search_term_string}\"},\"query-input\":{\"@type\":\"PropertyValueSpecification\",\"valueRequired\":true,\"valueName\":\"search_term_string\"}}],\"inLanguage\":\"fr-FR\"}]}<\/script>\n<!-- \/ Yoast SEO plugin. -->","yoast_head_json":{"title":"Bienvenue &#8226; GT TRAVAUX","description":"Vous avez un projet de travaux, vous souhaitez r\u00e9nover votre habitation, vous allez acheter un bien avec des travaux, vous pr\u00e9voyez d\u2019agrandir votre maison\u2026.\u200b Nous sommes l\u00e0 pour vous accompagner dans votre projet ! c'est simple, un seul interlocuteur pour toute une \u00e9quipe d'expert !","robots":{"index":"index","follow":"follow","max-snippet":"max-snippet:-1","max-image-preview":"max-image-preview:large","max-video-preview":"max-video-preview:-1"},"canonical":"https:\/\/gttravaux.com\/","og_locale":"fr_FR","og_type":"article","og_title":"Bienvenue &#8226; GT TRAVAUX","og_description":"Vous avez un projet de travaux, vous souhaitez r\u00e9nover votre habitation, vous allez acheter un bien avec des travaux, vous pr\u00e9voyez d\u2019agrandir votre maison\u2026.\u200b Nous sommes l\u00e0 pour vous accompagner dans votre projet ! c'est simple, un seul interlocuteur pour toute une \u00e9quipe d'expert !","og_url":"https:\/\/gttravaux.com\/","og_site_name":"GT TRAVAUX","article_publisher":"https:\/\/fr-fr.facebook.com\/people\/Guillaume-Thomas\/100013420893482","article_modified_time":"2024-04-23T11:57:53+00:00","og_image":[{"url":"https:\/\/gttravaux.com\/wp-content\/uploads\/2024\/03\/badges_010324.jpg","type":"","width":"","height":""}],"twitter_card":"summary_large_image","twitter_misc":{"Dur\u00e9e de lecture estim\u00e9e":"3 minutes"},"schema":{"@context":"https:\/\/schema.org","@graph":[{"@type":"WebPage","@id":"https:\/\/gttravaux.com\/","url":"https:\/\/gttravaux.com\/","name":"Bienvenue &#8226; GT TRAVAUX","isPartOf":{"@id":"https:\/\/gttravaux.com\/#website"},"primaryImageOfPage":{"@id":"https:\/\/gttravaux.com\/#primaryimage"},"image":{"@id":"https:\/\/gttravaux.com\/#primaryimage"},"thumbnailUrl":"https:\/\/gttravaux.com\/wp-content\/uploads\/2024\/03\/badges_010324.jpg","datePublished":"2015-02-22T09:44:05+00:00","dateModified":"2024-04-23T11:57:53+00:00","description":"Vous avez un projet de travaux, vous souhaitez r\u00e9nover votre habitation, vous allez acheter un bien avec des travaux, vous pr\u00e9voyez d\u2019agrandir votre maison\u2026.\u200b Nous sommes l\u00e0 pour vous accompagner dans votre projet ! c'est simple, un seul interlocuteur pour toute une \u00e9quipe d'expert !","breadcrumb":{"@id":"https:\/\/gttravaux.com\/#breadcrumb"},"inLanguage":"fr-FR","potentialAction":[{"@type":"ReadAction","target":["https:\/\/gttravaux.com\/"]}]},{"@type":"ImageObject","inLanguage":"fr-FR","@id":"https:\/\/gttravaux.com\/#primaryimage","url":"https:\/\/gttravaux.com\/wp-content\/uploads\/2024\/03\/badges_010324.jpg","contentUrl":"https:\/\/gttravaux.com\/wp-content\/uploads\/2024\/03\/badges_010324.jpg","width":1000,"height":165},{"@type":"BreadcrumbList","@id":"https:\/\/gttravaux.com\/#breadcrumb","itemListElement":[{"@type":"ListItem","position":1,"name":"Accueil","item":"https:\/\/gttravaux.com\/"},{"@type":"ListItem","position":2,"name":"Bienvenue"}]},{"@type":"WebSite","@id":"https:\/\/gttravaux.com\/#website","url":"https:\/\/gttravaux.com\/","name":"GT TRAVAUX","description":"Pour tous vos travaux, r\u00e9novations, agrandissements ...","potentialAction":[{"@type":"SearchAction","target":{"@type":"EntryPoint","urlTemplate":"https:\/\/gttravaux.com\/?s={search_term_string}"},"query-input":{"@type":"PropertyValueSpecification","valueRequired":true,"valueName":"search_term_string"}}],"inLanguage":"fr-FR"}]}},"_links":{"self":[{"href":"https:\/\/gttravaux.com\/index.php\/wp-json\/wp\/v2\/pages\/119"}],"collection":[{"href":"https:\/\/gttravaux.com\/index.php\/wp-json\/wp\/v2\/pages"}],"about":[{"href":"https:\/\/gttravaux.com\/index.php\/wp-json\/wp\/v2\/types\/page"}],"author":[{"embeddable":true,"href":"https:\/\/gttravaux.com\/index.php\/wp-json\/wp\/v2\/users\/1"}],"replies":[{"embeddable":true,"href":"https:\/\/gttravaux.com\/index.php\/wp-json\/wp\/v2\/comments?post=119"}],"version-history":[{"count":1,"href":"https:\/\/gttravaux.com\/index.php\/wp-json\/wp\/v2\/pages\/119\/revisions"}],"predecessor-version":[{"id":1132,"href":"https:\/\/gttravaux.com\/index.php\/wp-json\/wp\/v2\/pages\/119\/revisions\/1132"}],"wp:attachment":[{"href":"https:\/\/gttravaux.com\/index.php\/wp-json\/wp\/v2\/media?parent=119"}],"curies":[{"name":"wp","href":"https:\/\/api.w.org\/{rel}","templated":true}]}}